{"id":511,"date":"2014-10-15T12:59:47","date_gmt":"2014-10-15T12:59:47","guid":{"rendered":"https:\/\/xml-io.proteusthemes.com\/buildpress\/?page_id=7"},"modified":"2018-04-12T20:14:47","modified_gmt":"2018-04-12T20:14:47","slug":"front-page","status":"publish","type":"page","link":"https:\/\/xn--baugeschft-hildesheim-d2b.de\/","title":{"rendered":"Front Page"},"content":{"rendered":"<div id=\"pl-511\"  class=\"panel-layout\" >\n<div id=\"pg-511-0\"  class=\"panel-grid panel-has-style\"  data-style=\"{&quot;background&quot;:&quot;#eeeeee&quot;,&quot;background_display&quot;:&quot;tile&quot;,&quot;bottom_margin&quot;:&quot;30px&quot;,&quot;row_stretch&quot;:&quot;full&quot;}\" >\n<div class=\"siteorigin-panels-stretch panel-row-style panel-row-style-for-511-0\" data-stretch-type=\"full\" >\n<div id=\"pgc-511-0-0\"  class=\"panel-grid-cell\"  data-weight=\"1\" >\n<div id=\"panel-511-0-0-0\" class=\"so-panel widget widget_pt_banner widget-banner panel-first-child panel-last-child\" data-index=\"0\" data-style=\"{&quot;background_display&quot;:&quot;tile&quot;}\" >[siteorigin_widget class=&#8220;PT_Banner&#8220;]<input type=\"hidden\" value=\"{&quot;instance&quot;:{&quot;text&quot;:&quot;Looking for a quality and affordable builder for your next project?&quot;,&quot;textarea&quot;:&quot;[button style=\\&quot;default\\&quot; href=\\&quot;projects\\&quot;]CHECK OUR PROJECTS[\\\/button]\\u00a0\\u00a0\\u00a0[button href=\\&quot;http:\\\/\\\/themeforest.net\\\/item\\\/buildpress-wp-theme-for-construction-business\\\/9323981?license=regular&amp;amp;open_purchase_for_item_id=9323981&amp;amp;purchasable=source&amp;amp;ref=ProteusThemes\\&quot; target=\\&quot;_blank\\&quot;]BUY THEME FOR $99[\\\/button] &quot;,&quot;csb_visibility&quot;:{&quot;action&quot;:&quot;show&quot;,&quot;conditions&quot;:{&quot;guest&quot;:[],&quot;date&quot;:[],&quot;roles&quot;:[],&quot;pagetypes&quot;:[],&quot;posttypes&quot;:[],&quot;membership&quot;:[],&quot;membership2&quot;:[],&quot;prosite&quot;:[],&quot;pt-post&quot;:[],&quot;pt-page&quot;:[],&quot;pt-product&quot;:[],&quot;pt-portfolio&quot;:[],&quot;pt-essential_grid&quot;:[],&quot;tax-category&quot;:[],&quot;tax-post_tag&quot;:[],&quot;tax-post_format&quot;:[],&quot;tax-product_cat&quot;:[],&quot;tax-product_tag&quot;:[],&quot;tax-product_shipping_class&quot;:[],&quot;tax-pa_color&quot;:[],&quot;tax-portfolio_category&quot;:[],&quot;tax-portfolio_tag&quot;:[],&quot;tax-essential_grid_category&quot;:[]},&quot;always&quot;:true},&quot;csb_clone&quot;:{&quot;group&quot;:2,&quot;state&quot;:&quot;ok&quot;}},&quot;args&quot;:{&quot;before_widget&quot;:&quot;&lt;div id=\\&quot;panel-511-0-0-0\\&quot; class=\\&quot;so-panel widget widget_pt_banner widget-banner panel-first-child panel-last-child\\&quot; data-index=\\&quot;0\\&quot; data-style=\\&quot;{&amp;quot;background_display&amp;quot;:&amp;quot;tile&amp;quot;}\\&quot; &gt;&quot;,&quot;after_widget&quot;:&quot;&lt;\\\/div&gt;&quot;,&quot;before_title&quot;:&quot;&lt;h3 class=\\&quot;widget-title\\&quot;&gt;&quot;,&quot;after_title&quot;:&quot;&lt;\\\/h3&gt;&quot;,&quot;widget_id&quot;:&quot;widget-0-0-0&quot;}}\" \/>[\/siteorigin_widget]<\/div>\n<\/div>\n<\/div>\n<\/div>\n<div id=\"pg-511-1\"  class=\"panel-grid panel-no-style\"  data-style=\"{&quot;background_display&quot;:&quot;tile&quot;}\" >\n<div id=\"pgc-511-1-0\"  class=\"panel-grid-cell\"  data-weight=\"0.33333333333333\" >\n<div id=\"panel-511-1-0-0\" class=\"so-panel widget widget_pt_featured_page widget-featured-page panel-first-child panel-last-child\" data-index=\"1\" data-style=\"{&quot;background_display&quot;:&quot;tile&quot;}\" >[siteorigin_widget class=&#8220;PT_Featured_Page&#8220;]<input type=\"hidden\" value=\"{&quot;instance&quot;:{&quot;page_id&quot;:69,&quot;layout&quot;:&quot;block&quot;},&quot;args&quot;:{&quot;before_widget&quot;:&quot;&lt;div id=\\&quot;panel-511-1-0-0\\&quot; class=\\&quot;so-panel widget widget_pt_featured_page widget-featured-page panel-first-child panel-last-child\\&quot; data-index=\\&quot;1\\&quot; data-style=\\&quot;{&amp;quot;background_display&amp;quot;:&amp;quot;tile&amp;quot;}\\&quot; &gt;&quot;,&quot;after_widget&quot;:&quot;&lt;\\\/div&gt;&quot;,&quot;before_title&quot;:&quot;&lt;h3 class=\\&quot;widget-title\\&quot;&gt;&quot;,&quot;after_title&quot;:&quot;&lt;\\\/h3&gt;&quot;,&quot;widget_id&quot;:&quot;widget-1-0-0&quot;}}\" \/>[\/siteorigin_widget]<\/div>\n<\/div>\n<div id=\"pgc-511-1-1\"  class=\"panel-grid-cell\"  data-weight=\"0.33333333333333\" >\n<div id=\"panel-511-1-1-0\" class=\"so-panel widget widget_pt_featured_page widget-featured-page panel-first-child panel-last-child\" data-index=\"2\" >[siteorigin_widget class=&#8220;PT_Featured_Page&#8220;]<input type=\"hidden\" value=\"{&quot;instance&quot;:{&quot;page_id&quot;:&quot;73&quot;,&quot;layout&quot;:&quot;block&quot;},&quot;args&quot;:{&quot;before_widget&quot;:&quot;&lt;div id=\\&quot;panel-511-1-1-0\\&quot; class=\\&quot;so-panel widget widget_pt_featured_page widget-featured-page panel-first-child panel-last-child\\&quot; data-index=\\&quot;2\\&quot; &gt;&quot;,&quot;after_widget&quot;:&quot;&lt;\\\/div&gt;&quot;,&quot;before_title&quot;:&quot;&lt;h3 class=\\&quot;widget-title\\&quot;&gt;&quot;,&quot;after_title&quot;:&quot;&lt;\\\/h3&gt;&quot;,&quot;widget_id&quot;:&quot;widget-1-1-0&quot;}}\" \/>[\/siteorigin_widget]<\/div>\n<\/div>\n<div id=\"pgc-511-1-2\"  class=\"panel-grid-cell\"  data-weight=\"0.33333333333333\" >\n<div id=\"panel-511-1-2-0\" class=\"so-panel widget widget_pt_featured_page widget-featured-page panel-first-child\" data-index=\"3\" >[siteorigin_widget class=&#8220;PT_Featured_Page&#8220;]<input type=\"hidden\" value=\"{&quot;instance&quot;:{&quot;page_id&quot;:&quot;52&quot;,&quot;layout&quot;:&quot;inline&quot;},&quot;args&quot;:{&quot;before_widget&quot;:&quot;&lt;div id=\\&quot;panel-511-1-2-0\\&quot; class=\\&quot;so-panel widget widget_pt_featured_page widget-featured-page panel-first-child\\&quot; data-index=\\&quot;3\\&quot; &gt;&quot;,&quot;after_widget&quot;:&quot;&lt;\\\/div&gt;&quot;,&quot;before_title&quot;:&quot;&lt;h3 class=\\&quot;widget-title\\&quot;&gt;&quot;,&quot;after_title&quot;:&quot;&lt;\\\/h3&gt;&quot;,&quot;widget_id&quot;:&quot;widget-1-2-0&quot;}}\" \/>[\/siteorigin_widget]<\/div>\n<div id=\"panel-511-1-2-1\" class=\"so-panel widget widget_pt_featured_page widget-featured-page\" data-index=\"4\" >[siteorigin_widget class=&#8220;PT_Featured_Page&#8220;]<input type=\"hidden\" value=\"{&quot;instance&quot;:{&quot;page_id&quot;:&quot;87&quot;,&quot;layout&quot;:&quot;inline&quot;},&quot;args&quot;:{&quot;before_widget&quot;:&quot;&lt;div id=\\&quot;panel-511-1-2-1\\&quot; class=\\&quot;so-panel widget widget_pt_featured_page widget-featured-page\\&quot; data-index=\\&quot;4\\&quot; &gt;&quot;,&quot;after_widget&quot;:&quot;&lt;\\\/div&gt;&quot;,&quot;before_title&quot;:&quot;&lt;h3 class=\\&quot;widget-title\\&quot;&gt;&quot;,&quot;after_title&quot;:&quot;&lt;\\\/h3&gt;&quot;,&quot;widget_id&quot;:&quot;widget-1-2-1&quot;}}\" \/>[\/siteorigin_widget]<\/div>\n<div id=\"panel-511-1-2-2\" class=\"so-panel widget widget_pt_featured_page widget-featured-page\" data-index=\"5\" >[siteorigin_widget class=&#8220;PT_Featured_Page&#8220;]<input type=\"hidden\" value=\"{&quot;instance&quot;:{&quot;page_id&quot;:&quot;84&quot;,&quot;layout&quot;:&quot;inline&quot;},&quot;args&quot;:{&quot;before_widget&quot;:&quot;&lt;div id=\\&quot;panel-511-1-2-2\\&quot; class=\\&quot;so-panel widget widget_pt_featured_page widget-featured-page\\&quot; data-index=\\&quot;5\\&quot; &gt;&quot;,&quot;after_widget&quot;:&quot;&lt;\\\/div&gt;&quot;,&quot;before_title&quot;:&quot;&lt;h3 class=\\&quot;widget-title\\&quot;&gt;&quot;,&quot;after_title&quot;:&quot;&lt;\\\/h3&gt;&quot;,&quot;widget_id&quot;:&quot;widget-1-2-2&quot;}}\" \/>[\/siteorigin_widget]<\/div>\n<div id=\"panel-511-1-2-3\" class=\"so-panel widget widget_pt_featured_page widget-featured-page panel-last-child\" data-index=\"6\" >[siteorigin_widget class=&#8220;PT_Featured_Page&#8220;]<input type=\"hidden\" value=\"{&quot;instance&quot;:{&quot;page_id&quot;:&quot;71&quot;,&quot;layout&quot;:&quot;inline&quot;},&quot;args&quot;:{&quot;before_widget&quot;:&quot;&lt;div id=\\&quot;panel-511-1-2-3\\&quot; class=\\&quot;so-panel widget widget_pt_featured_page widget-featured-page panel-last-child\\&quot; data-index=\\&quot;6\\&quot; &gt;&quot;,&quot;after_widget&quot;:&quot;&lt;\\\/div&gt;&quot;,&quot;before_title&quot;:&quot;&lt;h3 class=\\&quot;widget-title\\&quot;&gt;&quot;,&quot;after_title&quot;:&quot;&lt;\\\/h3&gt;&quot;,&quot;widget_id&quot;:&quot;widget-1-2-3&quot;}}\" \/>[\/siteorigin_widget]<\/div>\n<\/div>\n<\/div>\n<div id=\"pg-511-2\"  class=\"panel-grid panel-has-style\"  data-style=\"{&quot;background&quot;:&quot;#454545&quot;,&quot;background_display&quot;:&quot;tile&quot;,&quot;row_stretch&quot;:&quot;full&quot;}\" >\n<div class=\"siteorigin-panels-stretch panel-row-style panel-row-style-for-511-2\" data-stretch-type=\"full\" >\n<div id=\"pgc-511-2-0\"  class=\"panel-grid-cell\"  data-weight=\"1\" >\n<div id=\"panel-511-2-0-0\" class=\"so-panel widget widget_ess-grid-widget widget_ess_grid panel-first-child panel-last-child\" data-index=\"7\" >[siteorigin_widget class=&#8220;Essential_Grids_Widget&#8220;]<input type=\"hidden\" value=\"{&quot;instance&quot;:{&quot;ess_grid_title&quot;:&quot;&quot;,&quot;ess_grid&quot;:&quot;33&quot;,&quot;ess_grid_pages&quot;:&quot;&quot;},&quot;args&quot;:{&quot;before_widget&quot;:&quot;&lt;div id=\\&quot;panel-511-2-0-0\\&quot; class=\\&quot;so-panel widget widget_ess-grid-widget widget_ess_grid panel-first-child panel-last-child\\&quot; data-index=\\&quot;7\\&quot; &gt;&quot;,&quot;after_widget&quot;:&quot;&lt;\\\/div&gt;&quot;,&quot;before_title&quot;:&quot;&lt;h3 class=\\&quot;widget-title\\&quot;&gt;&quot;,&quot;after_title&quot;:&quot;&lt;\\\/h3&gt;&quot;,&quot;widget_id&quot;:&quot;widget-2-0-0&quot;}}\" \/>[\/siteorigin_widget]<\/div>\n<\/div>\n<\/div>\n<\/div>\n<div id=\"pg-511-3\"  class=\"panel-grid panel-no-style\"  data-style=\"{&quot;background_display&quot;:&quot;tile&quot;}\" >\n<div id=\"pgc-511-3-0\"  class=\"panel-grid-cell\"  data-weight=\"0.5\" >\n<div id=\"panel-511-3-0-0\" class=\"so-panel widget widget_text panel-first-child\" data-index=\"8\" data-style=\"{&quot;background_display&quot;:&quot;tile&quot;}\" >\n<div class=\"textwidget\"><\/div>\n<\/p><\/div>\n<div id=\"panel-511-3-0-1\" class=\"so-panel widget widget_black-studio-tinymce widget_black_studio_tinymce panel-last-child\" data-index=\"9\" data-style=\"{&quot;background_image_attachment&quot;:false,&quot;background_display&quot;:&quot;tile&quot;}\" >\n<h3 class=\"widget-title\">Damit k\u00f6nnen wir Sie \u00fcberzeugen<\/h3>\n<div class=\"textwidget\">\n<h5><span style=\"color: #fcc71f;\"><br \/>\n<span class=\"icon-container\"><span class=\"fa fa-check\"><\/span><\/span><\/span> <span lang=\"de\">Wir sind professionell<\/span><\/h5>\n<p><span lang=\"de\">Wir haben eine nachgewiesene Erfolgsbilanz und sind ein angesehenes Unternehmen in der Region Hannover &#8211; Hildesheim. Wir stellen sicher, dass alle Projekte mit h\u00f6chster Professionalit\u00e4t und mit hochwertigen Materialien ausgef\u00fchrt werden, und bieten den Kunden Unterst\u00fctzung und Zug\u00e4nglichkeit.<\/span><\/p>\n<h5><span style=\"color: #fcc71f;\"><br \/>\n<span class=\"icon-container\"><span class=\"fa fa-check\"><\/span><\/span><\/span> <span lang=\"de\">EHRLICH UND VERPFLICHTEND<\/span><\/h5>\n<p><span lang=\"de\">Ehrlichkeit und fainess als Pflicht. Wir bem\u00fchen uns, alle Projekte mit Integrit\u00e4t zu erf\u00fcllen, nicht nur mit unseren Kunden, sondern auch mit unseren Lieferanten und Auftragnehmern. Mit Hunderten von erfolgreichen Projekten sind wir eines der vertrauensw\u00fcrdigsten Bauunternehmen in der Region.<\/span><\/p>\n<h5><span style=\"color: #fcc71f;\"><br \/>\n<span class=\"icon-container\"><span class=\"fa fa-check\"><\/span><\/span><\/span> <span style=\"color: #333333;\">WIR BRINGEN DIE ERFAHRUNG MIT<\/span><\/h5>\n<p>W<span lang=\"de\">ir verpflichten uns, alle Projekte innerhalb des mit unseren Kunden festgelegten Zeitplans abzuschlie\u00dfen. Wir verwenden das Beste aus Technologie und Werkzeugen, um sicherzustellen, dass alle Auftr\u00e4ge schnell erledigt werden, auch achten wir Details zu und sicherzustellen, dass alles richtig gemacht wird<\/span>.<\/div>\n<\/div>\n<\/div>\n<div id=\"pgc-511-3-1\"  class=\"panel-grid-cell\"  data-weight=\"0.5\" >\n<div id=\"panel-511-3-1-0\" class=\"so-panel widget widget_text panel-first-child\" data-index=\"10\" >\n<div class=\"textwidget\"><\/div>\n<\/p><\/div>\n<div id=\"panel-511-3-1-1\" class=\"so-panel widget widget_black-studio-tinymce widget_black_studio_tinymce panel-last-child\" data-index=\"11\" >\n<h3 class=\"widget-title\">Who We Are?<\/h3>\n<div class=\"textwidget\"><a href=\"https:\/\/xml-io.proteusthemes.com\/buildpress\/wp-content\/uploads\/sites\/16\/2014\/10\/content_24.jpg\"><img decoding=\"async\" loading=\"lazy\" class=\"alignleft wp-image-115 size-medium\" src=\"https:\/\/xml-io.proteusthemes.com\/buildpress\/wp-content\/uploads\/sites\/16\/2014\/10\/content_24-300x168.jpg\" alt=\"Content Image\" width=\"300\" height=\"168\" srcset=\"https:\/\/xn--baugeschft-hildesheim-d2b.de\/wp-content\/uploads\/2014\/10\/content_24-300x168.jpg 300w, https:\/\/xn--baugeschft-hildesheim-d2b.de\/wp-content\/uploads\/2014\/10\/content_24-600x337.jpg 600w, https:\/\/xn--baugeschft-hildesheim-d2b.de\/wp-content\/uploads\/2014\/10\/content_24-768x431.jpg 768w, https:\/\/xn--baugeschft-hildesheim-d2b.de\/wp-content\/uploads\/2014\/10\/content_24-1024x575.jpg 1024w, https:\/\/xn--baugeschft-hildesheim-d2b.de\/wp-content\/uploads\/2014\/10\/content_24-360x202.jpg 360w, https:\/\/xn--baugeschft-hildesheim-d2b.de\/wp-content\/uploads\/2014\/10\/content_24-555x312.jpg 555w, https:\/\/xn--baugeschft-hildesheim-d2b.de\/wp-content\/uploads\/2014\/10\/content_24.jpg 1140w\" sizes=\"(max-width: 300px) 100vw, 300px\" \/><\/a><a href=\"https:\/\/xml-io.proteusthemes.com\/buildpress\/wp-content\/uploads\/sites\/16\/2014\/10\/content_23.jpg\"><img decoding=\"async\" loading=\"lazy\" class=\"alignleft wp-image-116 size-medium\" src=\"https:\/\/xml-io.proteusthemes.com\/buildpress\/wp-content\/uploads\/sites\/16\/2014\/10\/content_23-300x168.jpg\" alt=\"Content Image\" width=\"300\" height=\"168\" srcset=\"https:\/\/xn--baugeschft-hildesheim-d2b.de\/wp-content\/uploads\/2014\/10\/content_23-300x168.jpg 300w, https:\/\/xn--baugeschft-hildesheim-d2b.de\/wp-content\/uploads\/2014\/10\/content_23-600x337.jpg 600w, https:\/\/xn--baugeschft-hildesheim-d2b.de\/wp-content\/uploads\/2014\/10\/content_23-768x431.jpg 768w, https:\/\/xn--baugeschft-hildesheim-d2b.de\/wp-content\/uploads\/2014\/10\/content_23-1024x575.jpg 1024w, https:\/\/xn--baugeschft-hildesheim-d2b.de\/wp-content\/uploads\/2014\/10\/content_23-360x202.jpg 360w, https:\/\/xn--baugeschft-hildesheim-d2b.de\/wp-content\/uploads\/2014\/10\/content_23-555x312.jpg 555w, https:\/\/xn--baugeschft-hildesheim-d2b.de\/wp-content\/uploads\/2014\/10\/content_23.jpg 1140w\" sizes=\"(max-width: 300px) 100vw, 300px\" \/><\/a><\/p>\n<p>BuildPress\u00a0Inc traces its roots back to 1989 in Colorado and since then have never looked back. With thousands of successful projects under our belt, we can proudly say that we are one of the most trusted construction companies in Colorado performing both domestic and international construction work. For more than 25 years, Construction has offered a wide range of construction services in Colorado, many other cities of United States and around the world.<\/p>\n<p>We strive to maintain the highest standards while exceeding client\u2019s expectations at all levels.<\/p>\n<h5><strong><a href=\"about-us\">READ MORE<\/a><\/strong><\/h5>\n<\/div>\n<\/div>\n<\/div>\n<\/div>\n<div id=\"pg-511-4\"  class=\"panel-grid panel-has-style\"  data-style=\"{&quot;padding&quot;:&quot;30px&quot;,&quot;background&quot;:&quot;#eeeeee&quot;,&quot;background_image_attachment&quot;:&quot;2149&quot;,&quot;background_display&quot;:&quot;tile&quot;,&quot;bottom_margin&quot;:&quot;0px&quot;,&quot;row_stretch&quot;:&quot;full&quot;}\" >\n<div class=\"siteorigin-panels-stretch panel-row-style panel-row-style-for-511-4\" data-stretch-type=\"full\" >\n<div id=\"pgc-511-4-0\"  class=\"panel-grid-cell\"  data-weight=\"1\" >\n<div id=\"panel-511-4-0-0\" class=\"so-panel widget widget_pt_testimonials widget-testimonials panel-first-child panel-last-child\" data-index=\"12\" >[siteorigin_widget class=&#8220;PT_Testimonials&#8220;]<input type=\"hidden\" value=\"{&quot;instance&quot;:{&quot;title&quot;:&quot;Testimonials&quot;,&quot;autocycle&quot;:&quot;no&quot;,&quot;interval&quot;:&quot;5000&quot;,&quot;testimonials&quot;:{&quot;1&quot;:{&quot;quote&quot;:&quot;Our construction managment professionals organize, lead and manage the people, materials and processes of construction utilizing the latest technologies within the industry. Our construction management Our construction management.&quot;,&quot;author&quot;:&quot;Bob the Builder&quot;,&quot;rating&quot;:&quot;5&quot;,&quot;id&quot;:&quot;1&quot;},&quot;2&quot;:{&quot;quote&quot;:&quot;We aim to eliminate the task of dividing your project between different architecture and construction company. We are a company that offers design and build services for you from initial sketches to the final construction.&quot;,&quot;author&quot;:&quot;Lennie Lazenby&quot;,&quot;rating&quot;:&quot;5&quot;,&quot;id&quot;:&quot;2&quot;},&quot;3&quot;:{&quot;quote&quot;:&quot;We offer quality tiling and painting solutions for interior and exterior of residential and commercial spaces that not only looks good but also lasts longer. We offer quality tiling and painting solutions for interior and exterior.&quot;,&quot;author&quot;:&quot;Sandy Beach&quot;,&quot;rating&quot;:&quot;4&quot;,&quot;id&quot;:&quot;3&quot;},&quot;4&quot;:{&quot;quote&quot;:&quot;For us, honesty is the only policy and we strive to complete all projects with integrity, not just with our clients, but also our suppliers and contractors. With thousands of successful projects under our belt, we are one of the most trusted construction companies in US.&quot;,&quot;author&quot;:&quot;Dizzy&quot;,&quot;rating&quot;:&quot;5&quot;,&quot;id&quot;:&quot;4&quot;}}},&quot;args&quot;:{&quot;before_widget&quot;:&quot;&lt;div id=\\&quot;panel-511-4-0-0\\&quot; class=\\&quot;so-panel widget widget_pt_testimonials widget-testimonials panel-first-child panel-last-child\\&quot; data-index=\\&quot;12\\&quot; &gt;&quot;,&quot;after_widget&quot;:&quot;&lt;\\\/div&gt;&quot;,&quot;before_title&quot;:&quot;&lt;h3 class=\\&quot;widget-title\\&quot;&gt;&quot;,&quot;after_title&quot;:&quot;&lt;\\\/h3&gt;&quot;,&quot;widget_id&quot;:&quot;widget-4-0-0&quot;}}\" \/>[\/siteorigin_widget]<\/div>\n<\/div>\n<\/div>\n<\/div>\n<div id=\"pg-511-5\"  class=\"panel-grid panel-has-style\"  data-style=\"{&quot;padding&quot;:&quot;30px&quot;,&quot;background&quot;:&quot;#e8b71f&quot;,&quot;background_image_attachment&quot;:&quot;2148&quot;,&quot;background_display&quot;:&quot;cover&quot;,&quot;bottom_margin&quot;:&quot;60px&quot;,&quot;row_stretch&quot;:&quot;full&quot;}\" >\n<div class=\"siteorigin-panels-stretch panel-row-style panel-row-style-for-511-5\" data-stretch-type=\"full\" >\n<div id=\"pgc-511-5-0\"  class=\"panel-grid-cell\"  data-weight=\"1\" >\n<div id=\"panel-511-5-0-0\" class=\"so-panel widget widget_text panel-first-child panel-last-child\" data-index=\"13\" >\n<div class=\"textwidget\">\n<div class=\"motivational-text\">Our promise as a contractor is to build community value into every project while delivering professional expertise, exceptional customers service and quality construction.<\/div>\n<\/div><\/div>\n<\/div>\n<\/div>\n<\/div>\n<div id=\"pg-511-6\"  class=\"panel-grid panel-no-style\"  data-style=\"{&quot;background_display&quot;:&quot;tile&quot;}\" >\n<div id=\"pgc-511-6-0\"  class=\"panel-grid-cell\"  data-weight=\"1\" >\n<div id=\"panel-511-6-0-0\" class=\"so-panel widget widget_text panel-first-child panel-last-child\" data-index=\"14\" >\n<h3 class=\"widget-title\">Clients \/ Partners \/ Certificates<\/h3>\n<div class=\"textwidget\">\n<div class=\"logo-panel\">\n<div class=\"row\">\n<div class=\"col-xs-12  col-sm-2\">\n      <img decoding=\"async\" src=\"https:\/\/xml-io.proteusthemes.com\/buildpress\/wp-content\/uploads\/sites\/16\/2014\/10\/client_01.jpg\" alt=\"Client\">\n    <\/div>\n<div class=\"col-xs-12  col-sm-2\">\n      <img decoding=\"async\" src=\"https:\/\/xml-io.proteusthemes.com\/buildpress\/wp-content\/uploads\/sites\/16\/2014\/10\/client_02.jpg\" alt=\"Client\">\n    <\/div>\n<div class=\"col-xs-12  col-sm-2\">\n      <img decoding=\"async\" src=\"https:\/\/xml-io.proteusthemes.com\/buildpress\/wp-content\/uploads\/sites\/16\/2014\/10\/client_03.jpg\" alt=\"Client\">\n    <\/div>\n<div class=\"col-xs-12  col-sm-2\">\n      <img decoding=\"async\" src=\"https:\/\/xml-io.proteusthemes.com\/buildpress\/wp-content\/uploads\/sites\/16\/2014\/10\/client_04.jpg\" alt=\"Client\">\n    <\/div>\n<div class=\"col-xs-12  col-sm-2\">\n      <img decoding=\"async\" src=\"https:\/\/xml-io.proteusthemes.com\/buildpress\/wp-content\/uploads\/sites\/16\/2014\/10\/client_05.jpg\" alt=\"Client\">\n    <\/div>\n<div class=\"col-xs-12  col-sm-2\">\n      <img decoding=\"async\" src=\"https:\/\/xml-io.proteusthemes.com\/buildpress\/wp-content\/uploads\/sites\/16\/2014\/10\/client_06.jpg\" alt=\"Client\">\n    <\/div>\n<div class=\"col-xs-12  col-sm-2\">\n      <img decoding=\"async\" src=\"https:\/\/xml-io.proteusthemes.com\/buildpress\/wp-content\/uploads\/sites\/16\/2014\/10\/client_07.jpg\" alt=\"Client\">\n    <\/div>\n<div class=\"col-xs-12  col-sm-2\">\n      <img decoding=\"async\" src=\"https:\/\/xml-io.proteusthemes.com\/buildpress\/wp-content\/uploads\/sites\/16\/2014\/10\/client_08.jpg\" alt=\"Client\">\n    <\/div>\n<div class=\"col-xs-12  col-sm-2\">\n      <img decoding=\"async\" src=\"https:\/\/xml-io.proteusthemes.com\/buildpress\/wp-content\/uploads\/sites\/16\/2014\/10\/client_09.jpg\" alt=\"Client\">\n    <\/div>\n<div class=\"col-xs-12  col-sm-2\">\n      <img decoding=\"async\" src=\"https:\/\/xml-io.proteusthemes.com\/buildpress\/wp-content\/uploads\/sites\/16\/2014\/10\/client_10.jpg\" alt=\"Client\">\n    <\/div>\n<div class=\"col-xs-12  col-sm-2\">\n      <img decoding=\"async\" src=\"https:\/\/xml-io.proteusthemes.com\/buildpress\/wp-content\/uploads\/sites\/16\/2014\/10\/client_11.jpg\" alt=\"Client\">\n    <\/div>\n<div class=\"col-xs-12  col-sm-2\">\n      <img decoding=\"async\" src=\"https:\/\/xml-io.proteusthemes.com\/buildpress\/wp-content\/uploads\/sites\/16\/2014\/10\/client_12.jpg\" alt=\"Client\">\n    <\/div>\n<\/p><\/div>\n<\/div>\n<\/div><\/div>\n<\/div>\n<\/div>\n<\/div>\n","protected":false},"excerpt":{"rendered":"<p>[siteorigin_widget class=&#8220;PT_Banner&#8220;][\/siteorigin_widget] [siteorigin_widget class=&#8220;PT_Featured_Page&#8220;][\/siteorigin_widget] [siteorigin_widget class=&#8220;PT_Featured_Page&#8220;][\/siteorigin_widget] [siteorigin_widget class=&#8220;PT_Featured_Page&#8220;][\/siteorigin_widget] [siteorigin_widget class=&#8220;PT_Featured_Page&#8220;][\/siteorigin_widget] [siteorigin_widget class=&#8220;PT_Featured_Page&#8220;][\/siteorigin_widget] [siteorigin_widget class=&#8220;PT_Featured_Page&#8220;][\/siteorigin_widget] [siteorigin_widget class=&#8220;Essential_Grids_Widget&#8220;][\/siteorigin_widget] Damit k\u00f6nnen wir Sie \u00fcberzeugen Wir sind professionell Wir haben eine nachgewiesene Erfolgsbilanz und sind ein angesehenes Unternehmen in der Region Hannover &#8211; Hildesheim. Wir stellen sicher, dass alle Projekte mit h\u00f6chster Professionalit\u00e4t und mit hochwertigen Materialien ausgef\u00fchrt werden, &hellip;<\/p>\n","protected":false},"author":1,"featured_media":0,"parent":0,"menu_order":0,"comment_status":"closed","ping_status":"closed","template":"template-front-page-slider.php","meta":[],"_links":{"self":[{"href":"https:\/\/xn--baugeschft-hildesheim-d2b.de\/index.php?rest_route=\/wp\/v2\/pages\/511"}],"collection":[{"href":"https:\/\/xn--baugeschft-hildesheim-d2b.de\/index.php?rest_route=\/wp\/v2\/pages"}],"about":[{"href":"https:\/\/xn--baugeschft-hildesheim-d2b.de\/index.php?rest_route=\/wp\/v2\/types\/page"}],"author":[{"embeddable":true,"href":"https:\/\/xn--baugeschft-hildesheim-d2b.de\/index.php?rest_route=\/wp\/v2\/users\/1"}],"replies":[{"embeddable":true,"href":"https:\/\/xn--baugeschft-hildesheim-d2b.de\/index.php?rest_route=%2Fwp%2Fv2%2Fcomments&post=511"}],"version-history":[{"count":8,"href":"https:\/\/xn--baugeschft-hildesheim-d2b.de\/index.php?rest_route=\/wp\/v2\/pages\/511\/revisions"}],"predecessor-version":[{"id":2753,"href":"https:\/\/xn--baugeschft-hildesheim-d2b.de\/index.php?rest_route=\/wp\/v2\/pages\/511\/revisions\/2753"}],"wp:attachment":[{"href":"https:\/\/xn--baugeschft-hildesheim-d2b.de\/index.php?rest_route=%2Fwp%2Fv2%2Fmedia&parent=511"}],"curies":[{"name":"wp","href":"https:\/\/api.w.org\/{rel}","templated":true}]}}